{"id":1417,"date":"2026-01-19T15:43:08","date_gmt":"2026-01-19T15:43:08","guid":{"rendered":"https:\/\/meracuines.com\/?page_id=1417"},"modified":"2026-01-24T19:59:17","modified_gmt":"2026-01-24T19:59:17","slug":"proximamente","status":"publish","type":"page","link":"https:\/\/meracuines.com\/ca\/proximamente\/","title":{"rendered":"Pr\u00f3ximamente"},"content":{"rendered":"<div data-elementor-type=\"wp-page\" data-elementor-id=\"1417\" class=\"elementor elementor-1417\" data-elementor-post-type=\"page\">\n\t\t\t\t<div class=\"elementor-element elementor-element-32977d43 e-flex e-con-boxed e-con e-parent\" data-id=\"32977d43\" data-element_type=\"container\">\n\t\t\t\t\t<div class=\"e-con-inner\">\n\t\t\t\t\t<\/div>\n\t\t\t\t<\/div>\n\t\t<div class=\"elementor-element elementor-element-e8ad0d4 e-flex e-con-boxed e-con e-parent\" data-id=\"e8ad0d4\" data-element_type=\"container\">\n\t\t\t\t\t<div class=\"e-con-inner\">\n\t\t\t\t<div class=\"elementor-element elementor-element-06aea60 elementor-widget elementor-widget-heading\" data-id=\"06aea60\" data-element_type=\"widget\" data-widget_type=\"heading.default\">\n\t\t\t\t\t<h2 class=\"elementor-heading-title elementor-size-default\">P\u00e1gina en construcci\u00f3n<\/h2>\t\t\t\t<\/div>\n\t\t\t\t<div class=\"elementor-element elementor-element-d756c1a elementor-widget elementor-widget-text-editor\" data-id=\"d756c1a\" data-element_type=\"widget\" data-widget_type=\"text-editor.default\">\n\t\t\t\t\t\t\t\t\t<p class=\"cvGsUA direction-ltr align-justify para-style-body\"><span style=\"font-size: 1rem;\">Actualmente estamos trabajando en el desarrollo de esta secci\u00f3n para ofrecer una mejor experiencia a nuestros clientes.<br \/><\/span><\/p>\n<p class=\"cvGsUA direction-ltr align-justify para-style-body\"><span style=\"font-size: 1rem;\">Sentimos las molestias, t<\/span><span style=\"font-size: 1rem;\">e esperamos de vuelta en breve.<\/span><\/p>\n<p><!-- \/wp:paragraph --><\/p>\t\t\t\t\t\t\t\t<\/div>\n\t\t\t\t\t<\/div>\n\t\t\t\t<\/div>\n\t\t\t\t<\/div>","protected":false},"excerpt":{"rendered":"<p>P\u00e1gina en construcci\u00f3n Actualmente estamos trabajando en el desarrollo de esta secci\u00f3n para ofrecer una mejor experiencia a nuestros clientes. Sentimos las molestias, te esperamos de vuelta en breve.<\/p>","protected":false},"author":1,"featured_media":0,"parent":0,"menu_order":0,"comment_status":"closed","ping_status":"closed","template":"elementor_header_footer","meta":{"footnotes":""},"class_list":["post-1417","page","type-page","status-publish","hentry"],"yoast_head":"<!-- This site is optimized with the Yoast SEO plugin v26.8 - https:\/\/yoast.com\/product\/yoast-seo-wordpress\/ -->\n<title>Pr\u00f3ximamente - Mera Cocinas<\/title>\n<meta name=\"robots\" content=\"index, follow, max-snippet:-1, max-image-preview:large, max-video-preview:-1\" \/>\n<link rel=\"canonical\" href=\"https:\/\/meracuines.com\/ca\/proximamente\/\" \/>\n<meta property=\"og:locale\" content=\"ca_ES\" \/>\n<meta property=\"og:type\" content=\"article\" \/>\n<meta property=\"og:title\" content=\"Pr\u00f3ximamente - Mera Cocinas\" \/>\n<meta property=\"og:description\" content=\"P\u00e1gina en construcci\u00f3n Actualmente estamos trabajando en el desarrollo de esta secci\u00f3n para ofrecer una mejor experiencia a nuestros clientes. Sentimos las molestias, te esperamos de vuelta en breve.\" \/>\n<meta property=\"og:url\" content=\"https:\/\/meracuines.com\/ca\/proximamente\/\" \/>\n<meta property=\"og:site_name\" content=\"Mera Cocinas\" \/>\n<meta property=\"article:modified_time\" content=\"2026-01-24T19:59:17+00:00\" \/>\n<meta name=\"twitter:card\" content=\"summary_large_image\" \/>\n<meta name=\"twitter:label1\" content=\"Temps estimat de lectura\" \/>\n\t<meta name=\"twitter:data1\" content=\"1 minut\" \/>\n<script type=\"application\/ld+json\" class=\"yoast-schema-graph\">{\"@context\":\"https:\/\/schema.org\",\"@graph\":[{\"@type\":\"WebPage\",\"@id\":\"https:\/\/meracuines.com\/proximamente\/\",\"url\":\"https:\/\/meracuines.com\/proximamente\/\",\"name\":\"Pr\u00f3ximamente - Mera Cocinas\",\"isPartOf\":{\"@id\":\"https:\/\/meracuines.com\/#website\"},\"datePublished\":\"2026-01-19T15:43:08+00:00\",\"dateModified\":\"2026-01-24T19:59:17+00:00\",\"breadcrumb\":{\"@id\":\"https:\/\/meracuines.com\/proximamente\/#breadcrumb\"},\"inLanguage\":\"ca\",\"potentialAction\":[{\"@type\":\"ReadAction\",\"target\":[\"https:\/\/meracuines.com\/proximamente\/\"]}]},{\"@type\":\"BreadcrumbList\",\"@id\":\"https:\/\/meracuines.com\/proximamente\/#breadcrumb\",\"itemListElement\":[{\"@type\":\"ListItem\",\"position\":1,\"name\":\"Portada\",\"item\":\"https:\/\/meracuines.com\/\"},{\"@type\":\"ListItem\",\"position\":2,\"name\":\"Pr\u00f3ximamente\"}]},{\"@type\":\"WebSite\",\"@id\":\"https:\/\/meracuines.com\/#website\",\"url\":\"https:\/\/meracuines.com\/\",\"name\":\"Mera Cuines S.L., m\u00e1s de 20 a\u00f1os de experiencia en Muebles de Cocina y Ba\u00f1o, puertas de madera o cristal, iluminaci\u00f3n interior y accesorios en Sant Joan Desp\u00ed\",\"description\":\"M\u00e1s de 25 a\u00f1os de experiencia fabricando Muebles de Cocina en Sant Joan Desp\u00ed\",\"publisher\":{\"@id\":\"https:\/\/meracuines.com\/#organization\"},\"potentialAction\":[{\"@type\":\"SearchAction\",\"target\":{\"@type\":\"EntryPoint\",\"urlTemplate\":\"https:\/\/meracuines.com\/?s={search_term_string}\"},\"query-input\":{\"@type\":\"PropertyValueSpecification\",\"valueRequired\":true,\"valueName\":\"search_term_string\"}}],\"inLanguage\":\"ca\"},{\"@type\":\"Organization\",\"@id\":\"https:\/\/meracuines.com\/#organization\",\"name\":\"Mera Cuines S.L., m\u00e1s de 20 a\u00f1os de experiencia en Muebles de Cocina y Ba\u00f1o, puertas de madera o cristal, iluminaci\u00f3n interior y accesorios en Sant Joan Desp\u00ed\",\"url\":\"https:\/\/meracuines.com\/\",\"logo\":{\"@type\":\"ImageObject\",\"inLanguage\":\"ca\",\"@id\":\"https:\/\/meracuines.com\/#\/schema\/logo\/image\/\",\"url\":\"https:\/\/meracuines.com\/wp-content\/uploads\/2025\/11\/IMG_8290-scaled-e1767126478608.png\",\"contentUrl\":\"https:\/\/meracuines.com\/wp-content\/uploads\/2025\/11\/IMG_8290-scaled-e1767126478608.png\",\"width\":1540,\"height\":630,\"caption\":\"Mera Cuines S.L., m\u00e1s de 20 a\u00f1os de experiencia en Muebles de Cocina y Ba\u00f1o, puertas de madera o cristal, iluminaci\u00f3n interior y accesorios en Sant Joan Desp\u00ed\"},\"image\":{\"@id\":\"https:\/\/meracuines.com\/#\/schema\/logo\/image\/\"},\"sameAs\":[\"https:\/\/www.linkedin.com\/company\/mera-cuines-sl\/\",\"https:\/\/www.tiktok.com\/@meracuines\",\"https:\/\/www.instagram.com\/meracuines\"]}]}<\/script>\n<!-- \/ Yoast SEO plugin. -->","yoast_head_json":{"title":"Pr\u00f3ximamente - Mera Cocinas","robots":{"index":"index","follow":"follow","max-snippet":"max-snippet:-1","max-image-preview":"max-image-preview:large","max-video-preview":"max-video-preview:-1"},"canonical":"https:\/\/meracuines.com\/ca\/proximamente\/","og_locale":"ca_ES","og_type":"article","og_title":"Pr\u00f3ximamente - Mera Cocinas","og_description":"P\u00e1gina en construcci\u00f3n Actualmente estamos trabajando en el desarrollo de esta secci\u00f3n para ofrecer una mejor experiencia a nuestros clientes. Sentimos las molestias, te esperamos de vuelta en breve.","og_url":"https:\/\/meracuines.com\/ca\/proximamente\/","og_site_name":"Mera Cocinas","article_modified_time":"2026-01-24T19:59:17+00:00","twitter_card":"summary_large_image","twitter_misc":{"Temps estimat de lectura":"1 minut"},"schema":{"@context":"https:\/\/schema.org","@graph":[{"@type":"WebPage","@id":"https:\/\/meracuines.com\/proximamente\/","url":"https:\/\/meracuines.com\/proximamente\/","name":"Pr\u00f3ximamente - Mera Cocinas","isPartOf":{"@id":"https:\/\/meracuines.com\/#website"},"datePublished":"2026-01-19T15:43:08+00:00","dateModified":"2026-01-24T19:59:17+00:00","breadcrumb":{"@id":"https:\/\/meracuines.com\/proximamente\/#breadcrumb"},"inLanguage":"ca","potentialAction":[{"@type":"ReadAction","target":["https:\/\/meracuines.com\/proximamente\/"]}]},{"@type":"BreadcrumbList","@id":"https:\/\/meracuines.com\/proximamente\/#breadcrumb","itemListElement":[{"@type":"ListItem","position":1,"name":"Portada","item":"https:\/\/meracuines.com\/"},{"@type":"ListItem","position":2,"name":"Pr\u00f3ximamente"}]},{"@type":"WebSite","@id":"https:\/\/meracuines.com\/#website","url":"https:\/\/meracuines.com\/","name":"Mera Cuines S.L., m\u00e1s de 20 a\u00f1os de experiencia en Muebles de Cocina y Ba\u00f1o, puertas de madera o cristal, iluminaci\u00f3n interior y accesorios en Sant Joan Desp\u00ed","description":"M\u00e1s de 25 a\u00f1os de experiencia fabricando Muebles de Cocina en Sant Joan Desp\u00ed","publisher":{"@id":"https:\/\/meracuines.com\/#organization"},"potentialAction":[{"@type":"SearchAction","target":{"@type":"EntryPoint","urlTemplate":"https:\/\/meracuines.com\/?s={search_term_string}"},"query-input":{"@type":"PropertyValueSpecification","valueRequired":true,"valueName":"search_term_string"}}],"inLanguage":"ca"},{"@type":"Organization","@id":"https:\/\/meracuines.com\/#organization","name":"Mera Cuines S.L., m\u00e1s de 20 a\u00f1os de experiencia en Muebles de Cocina y Ba\u00f1o, puertas de madera o cristal, iluminaci\u00f3n interior y accesorios en Sant Joan Desp\u00ed","url":"https:\/\/meracuines.com\/","logo":{"@type":"ImageObject","inLanguage":"ca","@id":"https:\/\/meracuines.com\/#\/schema\/logo\/image\/","url":"https:\/\/meracuines.com\/wp-content\/uploads\/2025\/11\/IMG_8290-scaled-e1767126478608.png","contentUrl":"https:\/\/meracuines.com\/wp-content\/uploads\/2025\/11\/IMG_8290-scaled-e1767126478608.png","width":1540,"height":630,"caption":"Mera Cuines S.L., m\u00e1s de 20 a\u00f1os de experiencia en Muebles de Cocina y Ba\u00f1o, puertas de madera o cristal, iluminaci\u00f3n interior y accesorios en Sant Joan Desp\u00ed"},"image":{"@id":"https:\/\/meracuines.com\/#\/schema\/logo\/image\/"},"sameAs":["https:\/\/www.linkedin.com\/company\/mera-cuines-sl\/","https:\/\/www.tiktok.com\/@meracuines","https:\/\/www.instagram.com\/meracuines"]}]}},"_links":{"self":[{"href":"https:\/\/meracuines.com\/ca\/wp-json\/wp\/v2\/pages\/1417","targetHints":{"allow":["GET"]}}],"collection":[{"href":"https:\/\/meracuines.com\/ca\/wp-json\/wp\/v2\/pages"}],"about":[{"href":"https:\/\/meracuines.com\/ca\/wp-json\/wp\/v2\/types\/page"}],"author":[{"embeddable":true,"href":"https:\/\/meracuines.com\/ca\/wp-json\/wp\/v2\/users\/1"}],"replies":[{"embeddable":true,"href":"https:\/\/meracuines.com\/ca\/wp-json\/wp\/v2\/comments?post=1417"}],"version-history":[{"count":11,"href":"https:\/\/meracuines.com\/ca\/wp-json\/wp\/v2\/pages\/1417\/revisions"}],"predecessor-version":[{"id":2244,"href":"https:\/\/meracuines.com\/ca\/wp-json\/wp\/v2\/pages\/1417\/revisions\/2244"}],"wp:attachment":[{"href":"https:\/\/meracuines.com\/ca\/wp-json\/wp\/v2\/media?parent=1417"}],"curies":[{"name":"wp","href":"https:\/\/api.w.org\/{rel}","templated":true}]}}