{"id":1383,"date":"2026-01-19T05:55:07","date_gmt":"2026-01-19T05:55:07","guid":{"rendered":"https:\/\/dev.meracuines.com\/?page_id=1383"},"modified":"2026-01-23T16:16:08","modified_gmt":"2026-01-23T16:16:08","slug":"avisos-legales","status":"publish","type":"page","link":"https:\/\/meracuines.com\/ca\/avisos-legales\/","title":{"rendered":"Aviso legal"},"content":{"rendered":"<div data-elementor-type=\"wp-page\" data-elementor-id=\"1383\" class=\"elementor elementor-1383\" data-elementor-post-type=\"page\">\n\t\t\t\t<div class=\"elementor-element elementor-element-32977d43 e-flex e-con-boxed e-con e-parent\" data-id=\"32977d43\" data-element_type=\"container\">\n\t\t\t\t\t<div class=\"e-con-inner\">\n\t\t\t\t\t<\/div>\n\t\t\t\t<\/div>\n\t\t<div class=\"elementor-element elementor-element-e8ad0d4 e-flex e-con-boxed e-con e-parent\" data-id=\"e8ad0d4\" data-element_type=\"container\">\n\t\t\t\t\t<div class=\"e-con-inner\">\n\t\t<div class=\"elementor-element elementor-element-0abf373 e-con-full e-flex e-con e-child\" data-id=\"0abf373\" data-element_type=\"container\">\n\t\t\t\t<div class=\"elementor-element elementor-element-06aea60 elementor-widget elementor-widget-heading\" data-id=\"06aea60\" data-element_type=\"widget\" data-widget_type=\"heading.default\">\n\t\t\t\t\t<h2 class=\"elementor-heading-title elementor-size-default\">Aviso legal<\/h2>\t\t\t\t<\/div>\n\t\t\t\t<div class=\"elementor-element elementor-element-d756c1a elementor-widget elementor-widget-text-editor\" data-id=\"d756c1a\" data-element_type=\"widget\" data-widget_type=\"text-editor.default\">\n\t\t\t\t\t\t\t\t\t<p class=\"cvGsUA direction-ltr align-justify para-style-body\">En cumplimiento de la Ley 34\/2002, de 11 de julio, de Servicios de la Sociedad de la Informaci\u00f3n y de Comercio Electr\u00f3nico (LSSI-CE),\u00a0Mobiliario de Cocina Mera S.L.\u00a0informa que es titular del sitio web\u00a0Meracuines.com\u00a0\u00a0de acuerdo con la exigencia del art\u00edculo 10 de la citada Ley,\u00a0Mobiliario de Cocina Mera S.L.\u00a0informa de los siguientes datos:<\/p>\n<p>El titular de este sitio web es\u00a0Mobiliario de Cocina Mera S.L.\u00a0, con DNI\u00a0B62201702\u00a0y domicilio social en\u00a0Avda. Mare de Deu de Montserrat 49-A 08970 Sant Joan Despi \u00a0La direcci\u00f3n de correo electr\u00f3nico de contacto con la empresa es:\u00a0Mera@meracuines.com<\/p>\n<p><strong>\u00a0<\/strong><\/p>\n<p><strong style=\"font-weight: 500;\">USUARIO Y R\u00c9GIMEN DE RESPONSABILIDADES<\/strong><\/p>\n<p>La navegaci\u00f3n, acceso y uso por el sitio web de\u00a0Mobiliario de Cocina Mera S.L.\u00a0confiere la condici\u00f3n de usuario, por la que se aceptan, desde la navegaci\u00f3n por el sitio web de\u00a0Mobiliario de Cocina Mera S.L.\u00a0, todas las condiciones de uso aqu\u00ed establecidas sin perjuicio de la aplicaci\u00f3n de la correspondiente normativa de obligado cumplimiento legal seg\u00fan el caso.<br \/>El sitio web de\u00a0\u00a0Meracuines.com\u00a0\u00a0proporciona gran diversidad de informaci\u00f3n, servicios y datos. El usuario asume su responsabilidad en el uso correcto del sitio web. Esta responsabilidad se extender\u00e1 a:<\/p>\n<ul>\n<li><span style=\"background-color: transparent;\">\u00a0La veracidad y licitud de las informaciones aportadas por el usuario en los formularios extendidos por\u00a0<\/span><span style=\"background-color: transparent;\">Mobiliario de Cocina Mera S.L.\u00a0<\/span><span style=\"background-color: transparent;\">para el acceso a ciertos contenidos o servicios ofrecidos por el web.<\/span><\/li>\n<\/ul>\n<ul>\n<li><span style=\"background-color: transparent;\">\u00a0El uso de la informaci\u00f3n, servicios y datos ofrecidos por\u00a0<\/span><span style=\"background-color: transparent;\">Mobiliario de Cocina Mera S.L.\u00a0<\/span><span style=\"background-color: transparent;\">contrariamente a lo dispuesto por las presentes condiciones, la Ley, la moral, las buenas costumbres o el orden p\u00fablico, o que de cualquier otro modo puedan suponer lesi\u00f3n de los derechos de terceros o del mismo funcionamiento del sitio web.<\/span><\/li>\n<\/ul>\n<div>\u00a0<\/div>\n<div>\u00a0<\/div>\n<p><strong style=\"font-weight: 500; padding-top: 4px;\">POL\u00cdTICA DE ENLACES Y EXENCIONES DE RESPONSABILIDAD \u00a0<\/strong>\u00a0\u00a0\u00a0\u00a0\u00a0\u00a0\u00a0\u00a0\u00a0\u00a0\u00a0\u00a0\u00a0\u00a0\u00a0\u00a0\u00a0\u00a0\u00a0\u00a0\u00a0\u00a0\u00a0\u00a0\u00a0\u00a0\u00a0\u00a0\u00a0\u00a0<\/p>\n<p>Mobiliario de Cocina Mera S.L.\u00a0no se hace responsable del contenido de los sitios web a los que el usuario pueda acceder a trav\u00e9s de los enlaces establecidos en su sitio web y declara que en ning\u00fan caso proceder\u00e1 a examinar o ejercitar ning\u00fan tipo de control sobre el contenido de otros sitios de la red. As\u00ed mismo, tampoco garantizar\u00e1 la disponibilidad t\u00e9cnica, exactitud, veracidad, validez o legalidad de sitios ajenos a su propiedad a los que se pueda acceder por medio de los enlaces.\u00a0Mobiliario de Cocina Mera S.L.\u00a0declara haber adoptado todas las medidas necesarias para evitar cualquier da\u00f1o a los usuarios de su sitio web, que pudieran derivarse de la navegaci\u00f3n por su sitio web. En consecuencia,\u00a0Mobiliario de Cocina Mera S.L.\u00a0no se hace responsable, en ning\u00fan caso, de los eventuales da\u00f1os que por la navegaci\u00f3n por Internet pudiera sufrir el usuario.<\/p>\n<p>\u00a0<\/p>\n<p><strong style=\"font-weight: 500;\">MODIFICACIONES<br \/><\/strong><\/p>\n<p>Mobiliario de Cocina Mera S.L.\u00a0se reserva el derecho a realizar las modificaciones que considere oportunas, sin aviso previo, en el contenido de su sitio web. Tanto en lo referente a los contenidos del sitio web, como en las condiciones de uso del mismo, o en las condiciones generales de contrataci\u00f3n. Dichas modificaciones podr\u00e1n realizarse a trav\u00e9s de su sitio web por cualquier forma admisible en derecho y ser\u00e1n de obligado cumplimiento durante el tiempo en que se encuentren publicadas en el web y hasta que no sean modificadas v\u00e1lidamente por otras posteriores.<\/p>\n<p>\u00a0<\/p>\n<p><strong style=\"font-weight: 500;\">SERVICIOS DE CONTRATACI\u00d3N POR INTERNET<\/strong><\/p>\n<p>Ciertos contenidos de la website de\u00a0Meracuines.com\u00a0contienen\u00a0la posibilidad de contrataci\u00f3n por Internet. El uso de los mismos requerir\u00e1 la lectura y aceptaci\u00f3n obligatoria de las condiciones generales de contrataci\u00f3n establecidas al efecto por\u00a0Mobiliario de Cocina Mera S.L.\u00a0.<\/p>\n<p>\u00a0<\/p>\n<p><strong style=\"font-weight: 500;\">PROTECCI\u00d3N DE DATOS<\/strong><\/p>\n<p>De conformidad con lo que establece la Ley Org\u00e1nica 15\/1999 de Protecci\u00f3n de Datos de Car\u00e1cter Personal (LOPD),Mobiliario de Cocina Mera S.L.\u00a0informa a los usuarios de su sitio web que los datos personales recabados por la empresa, mediante los formularios sitos en sus p\u00e1ginas, ser\u00e1n introducidos en un fichero automatizado bajo la responsabilidad de\u00a0Mobiliario de Cocina Mera S.L.\u00a0, con la finalidad de poder facilitar, agilizar y cumplir los compromisos establecidos entre ambas partes.<\/p>\n<p>As\u00ed mismo,\u00a0Mobiliario de Cocina Mera S.L.\u00a0informa de la posibilidad de ejercer los derechos de acceso, rectificaci\u00f3n, cancelaci\u00f3n y oposici\u00f3n mediante un escrito a la direcci\u00f3n:\u00a0Mera@meracuines.com<br \/>Mientras el usuario no comunique lo contrario a\u00a0Mobiliario de Cocina Mera S.L.\u00a0, \u00e9sta entender\u00e1 que sus datos no han sido modificados, que el usuario se compromete a notificar a\u00a0Mobiliario de Cocina Mera S.L.\u00a0cualquier variaci\u00f3n y que\u00a0Mobiliario de Cocina Mera S.L.\u00a0tiene el consentimiento para utilizarlos a fin de poder fidelizar la relaci\u00f3n entre las partes.<\/p>\n<p>\u00a0<\/p>\n<p><strong style=\"font-weight: 500;\">PROPIEDAD INTELECTUAL E INDUSTRIAL<\/strong><\/p>\n<p>Mobiliario de Cocina Mera S.L.\u00a0por s\u00ed misma o como cesionaria, es titular de todos los derechos de propiedad intelectual e industrial de su p\u00e1gina web, as\u00ed como de los elementos contenidos en la misma (a t\u00edtulo enunciativo, im\u00e1genes, sonido, audio, v\u00eddeo, software o textos, marcas o logotipos, combinaciones de colores, estructura y dise\u00f1o, selecci\u00f3n de materiales usados, programas de ordenador necesarios para su funcionamiento, acceso y uso, etc.),titularidad de\u00a0Mobiliario de Cocina Mera S.L.\u00a0. Ser\u00e1n, por consiguiente, obras protegidas como propiedad intelectual por el ordenamiento jur\u00eddico espa\u00f1ol, si\u00e9ndoles aplicables tanto la normativa espa\u00f1ola y comunitaria en este campo, como los tratados internacionales relativos a la materia y suscritos por Espa\u00f1a.<\/p>\n<p>Todos los derechos reservados. En virtud de lo dispuesto en los art\u00edculos 8 y 32.1, p\u00e1rrafo segundo, de la Ley de Propiedad Intelectual, quedan expresamente prohibidas la reproducci\u00f3n, la distribuci\u00f3n y la comunicaci\u00f3n p\u00fablica, incluida su modalidad de puesta a disposici\u00f3n, de la totalidad o parte de los contenidos de esta p\u00e1gina web, con fines comerciales, en cualquier soporte y por cualquier medio t\u00e9cnico, sin la autorizaci\u00f3n de\u00a0Mobiliario de Cocina Mera S.L.\u00a0.<\/p>\n<p>El usuario se compromete a respetar los derechos de Propiedad Intelectual e Industrial titularidad de\u00a0Mobiliario de Cocina Mera S.L.\u00a0. Podr\u00e1 visualizar los elementos del portal e incluso imprimirlos, copiarlos y almacenarlos en el disco duro de su ordenador o en cualquier otro soporte f\u00edsico siempre y cuando sea, \u00fanica y exclusivamente, para su uso personal y privado. El usuario deber\u00e1 abstenerse de suprimir, alterar, eludir o manipular cualquier dispositivo de protecci\u00f3n o sistema de seguridad que estuviera instalado en las p\u00e1ginas de\u00a0Mobiliario de Cocina Mera S.L.\u00a0<\/p>\n<p>\u00a0<\/p>\n<p><strong style=\"font-weight: 500;\">ACCIONES LEGALES, LEGISLACI\u00d3N APLICABLE Y JURISDICCI\u00d3N<\/strong><\/p>\n<p>Mobiliario de Cocina Mera S.L.\u00a0se reserva, as\u00ed mismo, la facultad de presentar las acciones civiles o penales que considere oportunas por la utilizaci\u00f3n indebida de su sitio web y contenidos, o por el incumplimiento de las presentes condiciones.<\/p>\n<p>La relaci\u00f3n entre el usuario y el prestador se regir\u00e1 por la normativa vigente y de aplicaci\u00f3n en el territorio espa\u00f1ol. De surgir cualquier controversia las partes podr\u00e1n someter sus conflictos a arbitraje o acudir a la jurisdicci\u00f3n ordinaria cumpliendo con las normas sobre jurisdicci\u00f3n y competencia al respecto.\u00a0Mobiliario de Cocina Mera S.L.\u00a0tiene su domicilio en\u00a0Sant Joan Despi.<\/p>\t\t\t\t\t\t\t\t<\/div>\n\t\t\t\t<\/div>\n\t\t\t\t\t<\/div>\n\t\t\t\t<\/div>\n\t\t\t\t<\/div>","protected":false},"excerpt":{"rendered":"<p>Aviso legal En cumplimiento de la Ley 34\/2002, de 11 de julio, de Servicios de la Sociedad de la Informaci\u00f3n y de Comercio Electr\u00f3nico (LSSI-CE),\u00a0Mobiliario de Cocina Mera S.L.\u00a0informa que es titular del sitio web\u00a0Meracuines.com\u00a0\u00a0de acuerdo con la exigencia del art\u00edculo 10 de la citada Ley,\u00a0Mobiliario de Cocina Mera S.L.\u00a0informa de los siguientes datos: El [&hellip;]<\/p>","protected":false},"author":1,"featured_media":0,"parent":0,"menu_order":0,"comment_status":"closed","ping_status":"closed","template":"elementor_header_footer","meta":{"footnotes":""},"class_list":["post-1383","page","type-page","status-publish","hentry"],"yoast_head":"<!-- This site is optimized with the Yoast SEO plugin v26.8 - https:\/\/yoast.com\/product\/yoast-seo-wordpress\/ -->\n<title>Aviso legal - Mera Cocinas<\/title>\n<meta name=\"robots\" content=\"index, follow, max-snippet:-1, max-image-preview:large, max-video-preview:-1\" \/>\n<link rel=\"canonical\" href=\"https:\/\/meracuines.com\/ca\/avisos-legales\/\" \/>\n<meta property=\"og:locale\" content=\"ca_ES\" \/>\n<meta property=\"og:type\" content=\"article\" \/>\n<meta property=\"og:title\" content=\"Aviso legal - Mera Cocinas\" \/>\n<meta property=\"og:description\" content=\"Aviso legal En cumplimiento de la Ley 34\/2002, de 11 de julio, de Servicios de la Sociedad de la Informaci\u00f3n y de Comercio Electr\u00f3nico (LSSI-CE),\u00a0Mobiliario de Cocina Mera S.L.\u00a0informa que es titular del sitio web\u00a0Meracuines.com\u00a0\u00a0de acuerdo con la exigencia del art\u00edculo 10 de la citada Ley,\u00a0Mobiliario de Cocina Mera S.L.\u00a0informa de los siguientes datos: El [&hellip;]\" \/>\n<meta property=\"og:url\" content=\"https:\/\/meracuines.com\/ca\/avisos-legales\/\" \/>\n<meta property=\"og:site_name\" content=\"Mera Cocinas\" \/>\n<meta property=\"article:modified_time\" content=\"2026-01-23T16:16:08+00:00\" \/>\n<meta name=\"twitter:card\" content=\"summary_large_image\" \/>\n<meta name=\"twitter:label1\" content=\"Temps estimat de lectura\" \/>\n\t<meta name=\"twitter:data1\" content=\"6 minuts\" \/>\n<script type=\"application\/ld+json\" class=\"yoast-schema-graph\">{\"@context\":\"https:\/\/schema.org\",\"@graph\":[{\"@type\":\"WebPage\",\"@id\":\"https:\/\/meracuines.com\/avisos-legales\/\",\"url\":\"https:\/\/meracuines.com\/avisos-legales\/\",\"name\":\"Aviso legal - Mera Cocinas\",\"isPartOf\":{\"@id\":\"https:\/\/meracuines.com\/#website\"},\"datePublished\":\"2026-01-19T05:55:07+00:00\",\"dateModified\":\"2026-01-23T16:16:08+00:00\",\"breadcrumb\":{\"@id\":\"https:\/\/meracuines.com\/avisos-legales\/#breadcrumb\"},\"inLanguage\":\"ca\",\"potentialAction\":[{\"@type\":\"ReadAction\",\"target\":[\"https:\/\/meracuines.com\/avisos-legales\/\"]}]},{\"@type\":\"BreadcrumbList\",\"@id\":\"https:\/\/meracuines.com\/avisos-legales\/#breadcrumb\",\"itemListElement\":[{\"@type\":\"ListItem\",\"position\":1,\"name\":\"Portada\",\"item\":\"https:\/\/meracuines.com\/\"},{\"@type\":\"ListItem\",\"position\":2,\"name\":\"Aviso legal\"}]},{\"@type\":\"WebSite\",\"@id\":\"https:\/\/meracuines.com\/#website\",\"url\":\"https:\/\/meracuines.com\/\",\"name\":\"Mera Cuines S.L., m\u00e1s de 20 a\u00f1os de experiencia en Muebles de Cocina y Ba\u00f1o, puertas de madera o cristal, iluminaci\u00f3n interior y accesorios en Sant Joan Desp\u00ed\",\"description\":\"M\u00e1s de 25 a\u00f1os de experiencia fabricando Muebles de Cocina en Sant Joan Desp\u00ed\",\"publisher\":{\"@id\":\"https:\/\/meracuines.com\/#organization\"},\"potentialAction\":[{\"@type\":\"SearchAction\",\"target\":{\"@type\":\"EntryPoint\",\"urlTemplate\":\"https:\/\/meracuines.com\/?s={search_term_string}\"},\"query-input\":{\"@type\":\"PropertyValueSpecification\",\"valueRequired\":true,\"valueName\":\"search_term_string\"}}],\"inLanguage\":\"ca\"},{\"@type\":\"Organization\",\"@id\":\"https:\/\/meracuines.com\/#organization\",\"name\":\"Mera Cuines S.L., m\u00e1s de 20 a\u00f1os de experiencia en Muebles de Cocina y Ba\u00f1o, puertas de madera o cristal, iluminaci\u00f3n interior y accesorios en Sant Joan Desp\u00ed\",\"url\":\"https:\/\/meracuines.com\/\",\"logo\":{\"@type\":\"ImageObject\",\"inLanguage\":\"ca\",\"@id\":\"https:\/\/meracuines.com\/#\/schema\/logo\/image\/\",\"url\":\"https:\/\/meracuines.com\/wp-content\/uploads\/2025\/11\/IMG_8290-scaled-e1767126478608.png\",\"contentUrl\":\"https:\/\/meracuines.com\/wp-content\/uploads\/2025\/11\/IMG_8290-scaled-e1767126478608.png\",\"width\":1540,\"height\":630,\"caption\":\"Mera Cuines S.L., m\u00e1s de 20 a\u00f1os de experiencia en Muebles de Cocina y Ba\u00f1o, puertas de madera o cristal, iluminaci\u00f3n interior y accesorios en Sant Joan Desp\u00ed\"},\"image\":{\"@id\":\"https:\/\/meracuines.com\/#\/schema\/logo\/image\/\"},\"sameAs\":[\"https:\/\/www.linkedin.com\/company\/mera-cuines-sl\/\",\"https:\/\/www.tiktok.com\/@meracuines\",\"https:\/\/www.instagram.com\/meracuines\"]}]}<\/script>\n<!-- \/ Yoast SEO plugin. -->","yoast_head_json":{"title":"Aviso legal - Mera Cocinas","robots":{"index":"index","follow":"follow","max-snippet":"max-snippet:-1","max-image-preview":"max-image-preview:large","max-video-preview":"max-video-preview:-1"},"canonical":"https:\/\/meracuines.com\/ca\/avisos-legales\/","og_locale":"ca_ES","og_type":"article","og_title":"Aviso legal - Mera Cocinas","og_description":"Aviso legal En cumplimiento de la Ley 34\/2002, de 11 de julio, de Servicios de la Sociedad de la Informaci\u00f3n y de Comercio Electr\u00f3nico (LSSI-CE),\u00a0Mobiliario de Cocina Mera S.L.\u00a0informa que es titular del sitio web\u00a0Meracuines.com\u00a0\u00a0de acuerdo con la exigencia del art\u00edculo 10 de la citada Ley,\u00a0Mobiliario de Cocina Mera S.L.\u00a0informa de los siguientes datos: El [&hellip;]","og_url":"https:\/\/meracuines.com\/ca\/avisos-legales\/","og_site_name":"Mera Cocinas","article_modified_time":"2026-01-23T16:16:08+00:00","twitter_card":"summary_large_image","twitter_misc":{"Temps estimat de lectura":"6 minuts"},"schema":{"@context":"https:\/\/schema.org","@graph":[{"@type":"WebPage","@id":"https:\/\/meracuines.com\/avisos-legales\/","url":"https:\/\/meracuines.com\/avisos-legales\/","name":"Aviso legal - Mera Cocinas","isPartOf":{"@id":"https:\/\/meracuines.com\/#website"},"datePublished":"2026-01-19T05:55:07+00:00","dateModified":"2026-01-23T16:16:08+00:00","breadcrumb":{"@id":"https:\/\/meracuines.com\/avisos-legales\/#breadcrumb"},"inLanguage":"ca","potentialAction":[{"@type":"ReadAction","target":["https:\/\/meracuines.com\/avisos-legales\/"]}]},{"@type":"BreadcrumbList","@id":"https:\/\/meracuines.com\/avisos-legales\/#breadcrumb","itemListElement":[{"@type":"ListItem","position":1,"name":"Portada","item":"https:\/\/meracuines.com\/"},{"@type":"ListItem","position":2,"name":"Aviso legal"}]},{"@type":"WebSite","@id":"https:\/\/meracuines.com\/#website","url":"https:\/\/meracuines.com\/","name":"Mera Cuines S.L., m\u00e1s de 20 a\u00f1os de experiencia en Muebles de Cocina y Ba\u00f1o, puertas de madera o cristal, iluminaci\u00f3n interior y accesorios en Sant Joan Desp\u00ed","description":"M\u00e1s de 25 a\u00f1os de experiencia fabricando Muebles de Cocina en Sant Joan Desp\u00ed","publisher":{"@id":"https:\/\/meracuines.com\/#organization"},"potentialAction":[{"@type":"SearchAction","target":{"@type":"EntryPoint","urlTemplate":"https:\/\/meracuines.com\/?s={search_term_string}"},"query-input":{"@type":"PropertyValueSpecification","valueRequired":true,"valueName":"search_term_string"}}],"inLanguage":"ca"},{"@type":"Organization","@id":"https:\/\/meracuines.com\/#organization","name":"Mera Cuines S.L., m\u00e1s de 20 a\u00f1os de experiencia en Muebles de Cocina y Ba\u00f1o, puertas de madera o cristal, iluminaci\u00f3n interior y accesorios en Sant Joan Desp\u00ed","url":"https:\/\/meracuines.com\/","logo":{"@type":"ImageObject","inLanguage":"ca","@id":"https:\/\/meracuines.com\/#\/schema\/logo\/image\/","url":"https:\/\/meracuines.com\/wp-content\/uploads\/2025\/11\/IMG_8290-scaled-e1767126478608.png","contentUrl":"https:\/\/meracuines.com\/wp-content\/uploads\/2025\/11\/IMG_8290-scaled-e1767126478608.png","width":1540,"height":630,"caption":"Mera Cuines S.L., m\u00e1s de 20 a\u00f1os de experiencia en Muebles de Cocina y Ba\u00f1o, puertas de madera o cristal, iluminaci\u00f3n interior y accesorios en Sant Joan Desp\u00ed"},"image":{"@id":"https:\/\/meracuines.com\/#\/schema\/logo\/image\/"},"sameAs":["https:\/\/www.linkedin.com\/company\/mera-cuines-sl\/","https:\/\/www.tiktok.com\/@meracuines","https:\/\/www.instagram.com\/meracuines"]}]}},"_links":{"self":[{"href":"https:\/\/meracuines.com\/ca\/wp-json\/wp\/v2\/pages\/1383","targetHints":{"allow":["GET"]}}],"collection":[{"href":"https:\/\/meracuines.com\/ca\/wp-json\/wp\/v2\/pages"}],"about":[{"href":"https:\/\/meracuines.com\/ca\/wp-json\/wp\/v2\/types\/page"}],"author":[{"embeddable":true,"href":"https:\/\/meracuines.com\/ca\/wp-json\/wp\/v2\/users\/1"}],"replies":[{"embeddable":true,"href":"https:\/\/meracuines.com\/ca\/wp-json\/wp\/v2\/comments?post=1383"}],"version-history":[{"count":47,"href":"https:\/\/meracuines.com\/ca\/wp-json\/wp\/v2\/pages\/1383\/revisions"}],"predecessor-version":[{"id":1887,"href":"https:\/\/meracuines.com\/ca\/wp-json\/wp\/v2\/pages\/1383\/revisions\/1887"}],"wp:attachment":[{"href":"https:\/\/meracuines.com\/ca\/wp-json\/wp\/v2\/media?parent=1383"}],"curies":[{"name":"wp","href":"https:\/\/api.w.org\/{rel}","templated":true}]}}