{"id":1343,"date":"2026-01-18T23:08:43","date_gmt":"2026-01-18T23:08:43","guid":{"rendered":"https:\/\/dev.meracuines.com\/?page_id=1343"},"modified":"2026-03-13T21:19:30","modified_gmt":"2026-03-13T21:19:30","slug":"contacto","status":"publish","type":"page","link":"https:\/\/meracuines.com\/ca\/contacto\/","title":{"rendered":"Contacto"},"content":{"rendered":"<div data-elementor-type=\"wp-page\" data-elementor-id=\"1343\" class=\"elementor elementor-1343\" data-elementor-post-type=\"page\">\n\t\t\t\t<div class=\"elementor-element elementor-element-32977d43 elementor-hidden-mobile e-flex e-con-boxed e-con e-parent\" data-id=\"32977d43\" data-element_type=\"container\" data-settings=\"{&quot;background_background&quot;:&quot;classic&quot;}\">\n\t\t\t\t\t<div class=\"e-con-inner\">\n\t\t\t\t\t<\/div>\n\t\t\t\t<\/div>\n\t\t<div class=\"elementor-element elementor-element-8d84451 elementor-hidden-desktop e-flex e-con-boxed e-con e-parent\" data-id=\"8d84451\" data-element_type=\"container\" data-settings=\"{&quot;background_background&quot;:&quot;classic&quot;}\">\n\t\t\t\t\t<div class=\"e-con-inner\">\n\t\t\t\t\t<\/div>\n\t\t\t\t<\/div>\n\t\t<div class=\"elementor-element elementor-element-e8ad0d4 animated-slow e-flex e-con-boxed elementor-invisible e-con e-parent\" data-id=\"e8ad0d4\" data-element_type=\"container\" id=\"contact_content\" data-settings=\"{&quot;animation&quot;:&quot;fadeIn&quot;,&quot;animation_delay&quot;:0}\">\n\t\t\t\t\t<div class=\"e-con-inner\">\n\t\t<div class=\"elementor-element elementor-element-0abf373 e-flex e-con-boxed e-con e-child\" data-id=\"0abf373\" data-element_type=\"container\">\n\t\t\t\t\t<div class=\"e-con-inner\">\n\t\t<div class=\"elementor-element elementor-element-ef4a33d e-con-full animated-slow e-flex e-con e-child\" data-id=\"ef4a33d\" data-element_type=\"container\" data-settings=\"{&quot;animation&quot;:&quot;none&quot;,&quot;animation_delay&quot;:0}\">\n\t\t\t\t<div class=\"elementor-element elementor-element-779051f elementor-widget elementor-widget-heading\" data-id=\"779051f\" data-element_type=\"widget\" data-widget_type=\"heading.default\">\n\t\t\t\t\t<h2 class=\"elementor-heading-title elementor-size-default\">Nuestra experiencia al servicio de tu proyecto<\/h2>\t\t\t\t<\/div>\n\t\t\t\t<div class=\"elementor-element elementor-element-946765f elementor-widget elementor-widget-text-editor\" data-id=\"946765f\" data-element_type=\"widget\" data-widget_type=\"text-editor.default\">\n\t\t\t\t\t\t\t\t\t<p>Contacta con nosotros, te asesoraremos de la mejor manera.<\/p>\t\t\t\t\t\t\t\t<\/div>\n\t\t\t\t<div class=\"elementor-element elementor-element-4b5250b elementor-icon-list--layout-traditional elementor-list-item-link-full_width elementor-widget elementor-widget-icon-list\" data-id=\"4b5250b\" data-element_type=\"widget\" data-widget_type=\"icon-list.default\">\n\t\t\t\t\t\t\t<ul class=\"elementor-icon-list-items\">\n\t\t\t\t\t\t\t<li class=\"elementor-icon-list-item\">\n\t\t\t\t\t\t\t\t\t\t\t<span class=\"elementor-icon-list-icon\">\n\t\t\t\t\t\t\t<svg aria-hidden=\"true\" class=\"e-font-icon-svg e-fas-map-marker-alt\" viewbox=\"0 0 384 512\" xmlns=\"http:\/\/www.w3.org\/2000\/svg\"><path d=\"M172.268 501.67C26.97 291.031 0 269.413 0 192 0 85.961 85.961 0 192 0s192 85.961 192 192c0 77.413-26.97 99.031-172.268 309.67-9.535 13.774-29.93 13.773-39.464 0zM192 272c44.183 0 80-35.817 80-80s-35.817-80-80-80-80 35.817-80 80 35.817 80 80 80z\"><\/path><\/svg>\t\t\t\t\t\t<\/span>\n\t\t\t\t\t\t\t\t\t\t<span class=\"elementor-icon-list-text\">Av. de la Mare de D\u00e9u de Montserrat 49 A, Sant Joan Desp\u00ed (Barcelona)<\/span>\n\t\t\t\t\t\t\t\t\t<\/li>\n\t\t\t\t\t\t\t\t<li class=\"elementor-icon-list-item\">\n\t\t\t\t\t\t\t\t\t\t\t<a href=\"tel:690372921\">\n\n\t\t\t\t\t\t\t\t\t\t\t\t<span class=\"elementor-icon-list-icon\">\n\t\t\t\t\t\t\t<svg aria-hidden=\"true\" class=\"e-font-icon-svg e-fas-phone-alt\" viewbox=\"0 0 512 512\" xmlns=\"http:\/\/www.w3.org\/2000\/svg\"><path d=\"M497.39 361.8l-112-48a24 24 0 0 0-28 6.9l-49.6 60.6A370.66 370.66 0 0 1 130.6 204.11l60.6-49.6a23.94 23.94 0 0 0 6.9-28l-48-112A24.16 24.16 0 0 0 122.6.61l-104 24A24 24 0 0 0 0 48c0 256.5 207.9 464 464 464a24 24 0 0 0 23.4-18.6l24-104a24.29 24.29 0 0 0-14.01-27.6z\"><\/path><\/svg>\t\t\t\t\t\t<\/span>\n\t\t\t\t\t\t\t\t\t\t<span class=\"elementor-icon-list-text\">690 372 921 \/ 93 371 60 99<\/span>\n\t\t\t\t\t\t\t\t\t\t\t<\/a>\n\t\t\t\t\t\t\t\t\t<\/li>\n\t\t\t\t\t\t\t\t<li class=\"elementor-icon-list-item\">\n\t\t\t\t\t\t\t\t\t\t\t<a href=\"mailto:mera@meracuines.com\">\n\n\t\t\t\t\t\t\t\t\t\t\t\t<span class=\"elementor-icon-list-icon\">\n\t\t\t\t\t\t\t<svg aria-hidden=\"true\" class=\"e-font-icon-svg e-fas-envelope\" viewbox=\"0 0 512 512\" xmlns=\"http:\/\/www.w3.org\/2000\/svg\"><path d=\"M502.3 190.8c3.9-3.1 9.7-.2 9.7 4.7V400c0 26.5-21.5 48-48 48H48c-26.5 0-48-21.5-48-48V195.6c0-5 5.7-7.8 9.7-4.7 22.4 17.4 52.1 39.5 154.1 113.6 21.1 15.4 56.7 47.8 92.2 47.6 35.7.3 72-32.8 92.3-47.6 102-74.1 131.6-96.3 154-113.7zM256 320c23.2.4 56.6-29.2 73.4-41.4 132.7-96.3 142.8-104.7 173.4-128.7 5.8-4.5 9.2-11.5 9.2-18.9v-19c0-26.5-21.5-48-48-48H48C21.5 64 0 85.5 0 112v19c0 7.4 3.4 14.3 9.2 18.9 30.6 23.9 40.7 32.4 173.4 128.7 16.8 12.2 50.2 41.8 73.4 41.4z\"><\/path><\/svg>\t\t\t\t\t\t<\/span>\n\t\t\t\t\t\t\t\t\t\t<span class=\"elementor-icon-list-text\">mera@meracuines.com<\/span>\n\t\t\t\t\t\t\t\t\t\t\t<\/a>\n\t\t\t\t\t\t\t\t\t<\/li>\n\t\t\t\t\t\t\t\t<li class=\"elementor-icon-list-item\">\n\t\t\t\t\t\t\t\t\t\t\t<a href=\"mailto:mera@meracuines.com\">\n\n\t\t\t\t\t\t\t\t\t\t\t\t<span class=\"elementor-icon-list-icon\">\n\t\t\t\t\t\t\t<svg aria-hidden=\"true\" class=\"e-font-icon-svg e-far-clock\" viewbox=\"0 0 512 512\" xmlns=\"http:\/\/www.w3.org\/2000\/svg\"><path d=\"M256 8C119 8 8 119 8 256s111 248 248 248 248-111 248-248S393 8 256 8zm0 448c-110.5 0-200-89.5-200-200S145.5 56 256 56s200 89.5 200 200-89.5 200-200 200zm61.8-104.4l-84.9-61.7c-3.1-2.3-4.9-5.9-4.9-9.7V116c0-6.6 5.4-12 12-12h32c6.6 0 12 5.4 12 12v141.7l66.8 48.6c5.4 3.9 6.5 11.4 2.6 16.8L334.6 349c-3.9 5.3-11.4 6.5-16.8 2.6z\"><\/path><\/svg>\t\t\t\t\t\t<\/span>\n\t\t\t\t\t\t\t\t\t\t<span class=\"elementor-icon-list-text\">Lunes a jueves:  08:00h a 18:00h <br>Viernes: 08:00h a 16:00h<\/span>\n\t\t\t\t\t\t\t\t\t\t\t<\/a>\n\t\t\t\t\t\t\t\t\t<\/li>\n\t\t\t\t\t\t<\/ul>\n\t\t\t\t\t\t<\/div>\n\t\t\t\t<\/div>\n\t\t<div class=\"elementor-element elementor-element-00672e8 e-con-full e-flex elementor-invisible e-con e-child\" data-id=\"00672e8\" data-element_type=\"container\" data-settings=\"{&quot;animation&quot;:&quot;fadeIn&quot;,&quot;animation_delay&quot;:500}\">\n\t\t<div class=\"elementor-element elementor-element-f104230 e-con-full e-flex e-con e-child\" data-id=\"f104230\" data-element_type=\"container\" data-settings=\"{&quot;animation&quot;:&quot;none&quot;}\">\n\t\t\t\t<div class=\"elementor-element elementor-element-ae9b6e9 elementor-widget elementor-widget-heading\" data-id=\"ae9b6e9\" data-element_type=\"widget\" data-widget_type=\"heading.default\">\n\t\t\t\t\t<h2 class=\"elementor-heading-title elementor-size-default\">Formulario de contacto<\/h2>\t\t\t\t<\/div>\n\t\t\t\t<div class=\"elementor-element elementor-element-4a3cc9f elementor-hidden-mobile elementor-widget elementor-widget-text-editor\" data-id=\"4a3cc9f\" data-element_type=\"widget\" data-widget_type=\"text-editor.default\">\n\t\t\t\t\t\t\t\t\t<p>\u00bfDeseas hacernos alguna consulta?&nbsp;<span style=\"font-size: 1rem;\">&nbsp;<\/span><span style=\"font-size: 1rem;\">Rellena este formulario y nos pondremos en contacto contigo lo antes posible<\/span><\/p>\t\t\t\t\t\t\t\t<\/div>\n\t\t\t\t<div class=\"elementor-element elementor-element-eb1da9d elementor-hidden-desktop elementor-widget elementor-widget-text-editor\" data-id=\"eb1da9d\" data-element_type=\"widget\" data-widget_type=\"text-editor.default\">\n\t\t\t\t\t\t\t\t\t<p>\u00bfDeseas hacernos alguna consulta?&nbsp;<span style=\"font-size: 1rem;\">&nbsp;<\/span><\/p><p><span style=\"font-size: 1rem;\">Rellena este formulario y nos pondremos en contacto contigo lo antes posible<\/span><\/p>\t\t\t\t\t\t\t\t<\/div>\n\t\t\t\t<div class=\"elementor-element elementor-element-9b4780f elementor-button-align-start form_contact elementor-widget elementor-widget-form\" data-id=\"9b4780f\" data-element_type=\"widget\" data-settings=\"{&quot;step_next_label&quot;:&quot;Next&quot;,&quot;step_previous_label&quot;:&quot;Previous&quot;,&quot;button_width&quot;:&quot;100&quot;,&quot;step_type&quot;:&quot;number_text&quot;,&quot;step_icon_shape&quot;:&quot;circle&quot;}\" data-widget_type=\"form.default\">\n\t\t\t\t\t\t\t<form class=\"elementor-form\" method=\"post\" name=\"Contact Form\" aria-label=\"Contact Form\" action=\"\">\n\t\t\t<input type=\"hidden\" name=\"post_id\" value=\"1343\"\/>\n\t\t\t<input type=\"hidden\" name=\"form_id\" value=\"9b4780f\"\/>\n\t\t\t<input type=\"hidden\" name=\"referer_title\" value=\"Contacto - Mera Cocinas\" \/>\n\n\t\t\t\t\t\t\t<input type=\"hidden\" name=\"queried_id\" value=\"1343\"\/>\n\t\t\t\n\t\t\t<div class=\"elementor-form-fields-wrapper elementor-labels-\">\n\t\t\t\t\t\t\t\t<div class=\"elementor-field-type-text elementor-field-group elementor-column elementor-field-group-name elementor-col-50 elementor-field-required\">\n\t\t\t\t\t\t\t\t\t\t\t\t<label for=\"form-field-name\" class=\"elementor-field-label elementor-screen-only\">\n\t\t\t\t\t\t\t\tNombre\t\t\t\t\t\t\t<\/label>\n\t\t\t\t\t\t\t\t\t\t\t\t\t\t<input size=\"1\" type=\"text\" name=\"form_fields[name]\" id=\"form-field-name\" class=\"elementor-field elementor-size-sm  elementor-field-textual\" placeholder=\"Nombre\" required=\"required\">\n\t\t\t\t\t\t\t\t\t\t\t<\/div>\n\t\t\t\t\t\t\t\t<div class=\"elementor-field-type-tel elementor-field-group elementor-column elementor-field-group-field_dfdf05e elementor-col-50 elementor-field-required\">\n\t\t\t\t\t\t\t\t\t\t\t\t<label for=\"form-field-field_dfdf05e\" class=\"elementor-field-label elementor-screen-only\">\n\t\t\t\t\t\t\t\tTel\u00e9fono\t\t\t\t\t\t\t<\/label>\n\t\t\t\t\t\t\t\t<input size=\"1\" type=\"tel\" name=\"form_fields[field_dfdf05e]\" id=\"form-field-field_dfdf05e\" class=\"elementor-field elementor-size-sm  elementor-field-textual\" placeholder=\"Tel\u00e9fono\" required=\"required\" pattern=\"[0-9()#&amp;+*-=.]+\" title=\"Only numbers and phone characters (#, -, *, etc) are accepted.\" data-no-translation-title=\"\">\n\n\t\t\t\t\t\t<\/div>\n\t\t\t\t\t\t\t\t<div class=\"elementor-field-type-email elementor-field-group elementor-column elementor-field-group-email elementor-col-50 elementor-field-required\">\n\t\t\t\t\t\t\t\t\t\t\t\t<label for=\"form-field-email\" class=\"elementor-field-label elementor-screen-only\">\n\t\t\t\t\t\t\t\tCorreo electr\u00f3nico\t\t\t\t\t\t\t<\/label>\n\t\t\t\t\t\t\t\t\t\t\t\t\t\t<input size=\"1\" type=\"email\" name=\"form_fields[email]\" id=\"form-field-email\" class=\"elementor-field elementor-size-sm  elementor-field-textual\" placeholder=\"Correo electr\u00f3nico\" required=\"required\">\n\t\t\t\t\t\t\t\t\t\t\t<\/div>\n\t\t\t\t\t\t\t\t<div class=\"elementor-field-type-text elementor-field-group elementor-column elementor-field-group-field_44bac24 elementor-col-50 elementor-field-required\">\n\t\t\t\t\t\t\t\t\t\t\t\t<label for=\"form-field-field_44bac24\" class=\"elementor-field-label elementor-screen-only\">\n\t\t\t\t\t\t\t\tC\u00f3digo Postal\t\t\t\t\t\t\t<\/label>\n\t\t\t\t\t\t\t\t\t\t\t\t\t\t<input size=\"1\" type=\"text\" name=\"form_fields[field_44bac24]\" id=\"form-field-field_44bac24\" class=\"elementor-field elementor-size-sm  elementor-field-textual\" placeholder=\"C\u00f3digo Postal\" required=\"required\">\n\t\t\t\t\t\t\t\t\t\t\t<\/div>\n\t\t\t\t\t\t\t\t<div class=\"elementor-field-type-select elementor-field-group elementor-column elementor-field-group-field_0f8b2e1 elementor-col-100 elementor-field-required\">\n\t\t\t\t\t\t\t\t\t\t\t\t<label for=\"form-field-field_0f8b2e1\" class=\"elementor-field-label elementor-screen-only\">\n\t\t\t\t\t\t\t\tTipo de cliente\t\t\t\t\t\t\t<\/label>\n\t\t\t\t\t\t\t\t<div class=\"elementor-field elementor-select-wrapper remove-before\">\n\t\t\t<div class=\"select-caret-down-wrapper\">\n\t\t\t\t<svg aria-hidden=\"true\" class=\"e-font-icon-svg e-eicon-caret-down\" viewbox=\"0 0 571.4 571.4\" xmlns=\"http:\/\/www.w3.org\/2000\/svg\"><path d=\"M571 393Q571 407 561 418L311 668Q300 679 286 679T261 668L11 418Q0 407 0 393T11 368 36 357H536Q550 357 561 368T571 393Z\"><\/path><\/svg>\t\t\t<\/div>\n\t\t\t<select name=\"form_fields[field_0f8b2e1]\" id=\"form-field-field_0f8b2e1\" class=\"elementor-field-textual elementor-size-sm\" required=\"required\">\n\t\t\t\t\t\t\t\t\t<option value=\"Cliente particular\">Cliente particular<\/option>\n\t\t\t\t\t\t\t\t\t<option value=\"Cliente profesional (interiorista, arquitecto, promotor, etc.)\">Cliente profesional (interiorista, arquitecto, promotor, etc.)<\/option>\n\t\t\t\t\t\t\t<\/select>\n\t\t<\/div>\n\t\t\t\t\t\t<\/div>\n\t\t\t\t\t\t\t\t<div class=\"elementor-field-type-textarea elementor-field-group elementor-column elementor-field-group-message elementor-col-100 elementor-field-required\">\n\t\t\t\t\t\t\t\t\t\t\t\t<label for=\"form-field-message\" class=\"elementor-field-label elementor-screen-only\">\n\t\t\t\t\t\t\t\tMensaje\t\t\t\t\t\t\t<\/label>\n\t\t\t\t\t\t<textarea class=\"elementor-field-textual elementor-field  elementor-size-sm\" name=\"form_fields[message]\" id=\"form-field-message\" rows=\"4\" placeholder=\"Mensaje\" required=\"required\"><\/textarea>\t\t\t\t<\/div>\n\t\t\t\t\t\t\t\t<div class=\"elementor-field-type-acceptance elementor-field-group elementor-column elementor-field-group-field_0463771 elementor-col-100 elementor-field-required\">\n\t\t\t\t\t\t\t\t\t\t\t\t<label for=\"form-field-field_0463771\" class=\"elementor-field-label elementor-screen-only\">\n\t\t\t\t\t\t\t\tHe leido y acepto la politica\t\t\t\t\t\t\t<\/label>\n\t\t\t\t\t\t\t\t<div class=\"elementor-field-subgroup\">\n\t\t\t<span class=\"elementor-field-option\">\n\t\t\t\t<input type=\"checkbox\" name=\"form_fields[field_0463771]\" id=\"form-field-field_0463771\" class=\"elementor-field elementor-size-sm  elementor-acceptance-field\" required=\"required\">\n\t\t\t\t<label for=\"form-field-field_0463771\">He le\u00eddo y acepto la <a target=\"_blank\" href=\"\/ca\/politica-de-privacidad\/\">pol\u00edtica de privacidad<\/a><\/label>\t\t\t<\/span>\n\t\t<\/div>\n\t\t\t\t\t\t<\/div>\n\t\t\t\t\t\t\t\t<div class=\"elementor-field-group elementor-column elementor-field-type-submit elementor-col-100 e-form__buttons\">\n\t\t\t\t\t<button class=\"elementor-button elementor-size-sm\" type=\"submit\">\n\t\t\t\t\t\t<span class=\"elementor-button-content-wrapper\">\n\t\t\t\t\t\t\t\t\t\t\t\t\t\t\t\t\t\t\t\t\t\t<span class=\"elementor-button-text\">Enviar<\/span>\n\t\t\t\t\t\t\t\t\t\t\t\t\t<\/span>\n\t\t\t\t\t<\/button>\n\t\t\t\t<\/div>\n\t\t\t<\/div>\n\t\t<input type=\"hidden\" name=\"trp-form-language\" value=\"ca\"\/><\/form>\n\t\t\t\t\t\t<\/div>\n\t\t\t\t<\/div>\n\t\t\t\t<\/div>\n\t\t\t\t\t<\/div>\n\t\t\t\t<\/div>\n\t\t\t\t\t<\/div>\n\t\t\t\t<\/div>\n\t\t\t\t<\/div>","protected":false},"excerpt":{"rendered":"<p>Nuestra experiencia al servicio de tu proyecto Contacta con nosotros, te asesoraremos de la mejor manera. Av. de la Mare de D\u00e9u de Montserrat 49 A, Sant Joan Desp\u00ed (Barcelona) 690 372 921 \/ 93 371 60 99 mera@meracuines.com Lunes a jueves: 08:00h a 18:00h Viernes: 08:00h a 16:00h Formulario de contacto \u00bfDeseas hacernos alguna [&hellip;]<\/p>","protected":false},"author":1,"featured_media":0,"parent":0,"menu_order":0,"comment_status":"closed","ping_status":"closed","template":"elementor_header_footer","meta":{"footnotes":""},"class_list":["post-1343","page","type-page","status-publish","hentry"],"yoast_head":"<!-- This site is optimized with the Yoast SEO plugin v26.8 - https:\/\/yoast.com\/product\/yoast-seo-wordpress\/ -->\n<title>Contacto - Mera Cocinas<\/title>\n<meta name=\"robots\" content=\"index, follow, max-snippet:-1, max-image-preview:large, max-video-preview:-1\" \/>\n<link rel=\"canonical\" href=\"https:\/\/meracuines.com\/ca\/contacto\/\" \/>\n<meta property=\"og:locale\" content=\"ca_ES\" \/>\n<meta property=\"og:type\" content=\"article\" \/>\n<meta property=\"og:title\" content=\"Contacto - Mera Cocinas\" \/>\n<meta property=\"og:description\" content=\"Nuestra experiencia al servicio de tu proyecto Contacta con nosotros, te asesoraremos de la mejor manera. Av. de la Mare de D\u00e9u de Montserrat 49 A, Sant Joan Desp\u00ed (Barcelona) 690 372 921 \/ 93 371 60 99 mera@meracuines.com Lunes a jueves: 08:00h a 18:00h Viernes: 08:00h a 16:00h Formulario de contacto \u00bfDeseas hacernos alguna [&hellip;]\" \/>\n<meta property=\"og:url\" content=\"https:\/\/meracuines.com\/ca\/contacto\/\" \/>\n<meta property=\"og:site_name\" content=\"Mera Cocinas\" \/>\n<meta property=\"article:modified_time\" content=\"2026-03-13T21:19:30+00:00\" \/>\n<meta name=\"twitter:card\" content=\"summary_large_image\" \/>\n<meta name=\"twitter:label1\" content=\"Temps estimat de lectura\" \/>\n\t<meta name=\"twitter:data1\" content=\"1 minut\" \/>\n<script type=\"application\/ld+json\" class=\"yoast-schema-graph\">{\"@context\":\"https:\/\/schema.org\",\"@graph\":[{\"@type\":\"WebPage\",\"@id\":\"https:\/\/meracuines.com\/contacto\/\",\"url\":\"https:\/\/meracuines.com\/contacto\/\",\"name\":\"Contacto - Mera Cocinas\",\"isPartOf\":{\"@id\":\"https:\/\/meracuines.com\/#website\"},\"datePublished\":\"2026-01-18T23:08:43+00:00\",\"dateModified\":\"2026-03-13T21:19:30+00:00\",\"breadcrumb\":{\"@id\":\"https:\/\/meracuines.com\/contacto\/#breadcrumb\"},\"inLanguage\":\"ca\",\"potentialAction\":[{\"@type\":\"ReadAction\",\"target\":[\"https:\/\/meracuines.com\/contacto\/\"]}]},{\"@type\":\"BreadcrumbList\",\"@id\":\"https:\/\/meracuines.com\/contacto\/#breadcrumb\",\"itemListElement\":[{\"@type\":\"ListItem\",\"position\":1,\"name\":\"Portada\",\"item\":\"https:\/\/meracuines.com\/\"},{\"@type\":\"ListItem\",\"position\":2,\"name\":\"Contacto\"}]},{\"@type\":\"WebSite\",\"@id\":\"https:\/\/meracuines.com\/#website\",\"url\":\"https:\/\/meracuines.com\/\",\"name\":\"Mera Cuines S.L., m\u00e1s de 20 a\u00f1os de experiencia en Muebles de Cocina y Ba\u00f1o, puertas de madera o cristal, iluminaci\u00f3n interior y accesorios en Sant Joan Desp\u00ed\",\"description\":\"M\u00e1s de 25 a\u00f1os de experiencia fabricando Muebles de Cocina en Sant Joan Desp\u00ed\",\"publisher\":{\"@id\":\"https:\/\/meracuines.com\/#organization\"},\"potentialAction\":[{\"@type\":\"SearchAction\",\"target\":{\"@type\":\"EntryPoint\",\"urlTemplate\":\"https:\/\/meracuines.com\/?s={search_term_string}\"},\"query-input\":{\"@type\":\"PropertyValueSpecification\",\"valueRequired\":true,\"valueName\":\"search_term_string\"}}],\"inLanguage\":\"ca\"},{\"@type\":\"Organization\",\"@id\":\"https:\/\/meracuines.com\/#organization\",\"name\":\"Mera Cuines S.L., m\u00e1s de 20 a\u00f1os de experiencia en Muebles de Cocina y Ba\u00f1o, puertas de madera o cristal, iluminaci\u00f3n interior y accesorios en Sant Joan Desp\u00ed\",\"url\":\"https:\/\/meracuines.com\/\",\"logo\":{\"@type\":\"ImageObject\",\"inLanguage\":\"ca\",\"@id\":\"https:\/\/meracuines.com\/#\/schema\/logo\/image\/\",\"url\":\"https:\/\/meracuines.com\/wp-content\/uploads\/2025\/11\/IMG_8290-scaled-e1767126478608.png\",\"contentUrl\":\"https:\/\/meracuines.com\/wp-content\/uploads\/2025\/11\/IMG_8290-scaled-e1767126478608.png\",\"width\":1540,\"height\":630,\"caption\":\"Mera Cuines S.L., m\u00e1s de 20 a\u00f1os de experiencia en Muebles de Cocina y Ba\u00f1o, puertas de madera o cristal, iluminaci\u00f3n interior y accesorios en Sant Joan Desp\u00ed\"},\"image\":{\"@id\":\"https:\/\/meracuines.com\/#\/schema\/logo\/image\/\"},\"sameAs\":[\"https:\/\/www.linkedin.com\/company\/mera-cuines-sl\/\",\"https:\/\/www.tiktok.com\/@meracuines\",\"https:\/\/www.instagram.com\/meracuines\"]}]}<\/script>\n<!-- \/ Yoast SEO plugin. -->","yoast_head_json":{"title":"Contacto - Mera Cocinas","robots":{"index":"index","follow":"follow","max-snippet":"max-snippet:-1","max-image-preview":"max-image-preview:large","max-video-preview":"max-video-preview:-1"},"canonical":"https:\/\/meracuines.com\/ca\/contacto\/","og_locale":"ca_ES","og_type":"article","og_title":"Contacto - Mera Cocinas","og_description":"Nuestra experiencia al servicio de tu proyecto Contacta con nosotros, te asesoraremos de la mejor manera. Av. de la Mare de D\u00e9u de Montserrat 49 A, Sant Joan Desp\u00ed (Barcelona) 690 372 921 \/ 93 371 60 99 mera@meracuines.com Lunes a jueves: 08:00h a 18:00h Viernes: 08:00h a 16:00h Formulario de contacto \u00bfDeseas hacernos alguna [&hellip;]","og_url":"https:\/\/meracuines.com\/ca\/contacto\/","og_site_name":"Mera Cocinas","article_modified_time":"2026-03-13T21:19:30+00:00","twitter_card":"summary_large_image","twitter_misc":{"Temps estimat de lectura":"1 minut"},"schema":{"@context":"https:\/\/schema.org","@graph":[{"@type":"WebPage","@id":"https:\/\/meracuines.com\/contacto\/","url":"https:\/\/meracuines.com\/contacto\/","name":"Contacto - Mera Cocinas","isPartOf":{"@id":"https:\/\/meracuines.com\/#website"},"datePublished":"2026-01-18T23:08:43+00:00","dateModified":"2026-03-13T21:19:30+00:00","breadcrumb":{"@id":"https:\/\/meracuines.com\/contacto\/#breadcrumb"},"inLanguage":"ca","potentialAction":[{"@type":"ReadAction","target":["https:\/\/meracuines.com\/contacto\/"]}]},{"@type":"BreadcrumbList","@id":"https:\/\/meracuines.com\/contacto\/#breadcrumb","itemListElement":[{"@type":"ListItem","position":1,"name":"Portada","item":"https:\/\/meracuines.com\/"},{"@type":"ListItem","position":2,"name":"Contacto"}]},{"@type":"WebSite","@id":"https:\/\/meracuines.com\/#website","url":"https:\/\/meracuines.com\/","name":"Mera Cuines S.L., m\u00e1s de 20 a\u00f1os de experiencia en Muebles de Cocina y Ba\u00f1o, puertas de madera o cristal, iluminaci\u00f3n interior y accesorios en Sant Joan Desp\u00ed","description":"M\u00e1s de 25 a\u00f1os de experiencia fabricando Muebles de Cocina en Sant Joan Desp\u00ed","publisher":{"@id":"https:\/\/meracuines.com\/#organization"},"potentialAction":[{"@type":"SearchAction","target":{"@type":"EntryPoint","urlTemplate":"https:\/\/meracuines.com\/?s={search_term_string}"},"query-input":{"@type":"PropertyValueSpecification","valueRequired":true,"valueName":"search_term_string"}}],"inLanguage":"ca"},{"@type":"Organization","@id":"https:\/\/meracuines.com\/#organization","name":"Mera Cuines S.L., m\u00e1s de 20 a\u00f1os de experiencia en Muebles de Cocina y Ba\u00f1o, puertas de madera o cristal, iluminaci\u00f3n interior y accesorios en Sant Joan Desp\u00ed","url":"https:\/\/meracuines.com\/","logo":{"@type":"ImageObject","inLanguage":"ca","@id":"https:\/\/meracuines.com\/#\/schema\/logo\/image\/","url":"https:\/\/meracuines.com\/wp-content\/uploads\/2025\/11\/IMG_8290-scaled-e1767126478608.png","contentUrl":"https:\/\/meracuines.com\/wp-content\/uploads\/2025\/11\/IMG_8290-scaled-e1767126478608.png","width":1540,"height":630,"caption":"Mera Cuines S.L., m\u00e1s de 20 a\u00f1os de experiencia en Muebles de Cocina y Ba\u00f1o, puertas de madera o cristal, iluminaci\u00f3n interior y accesorios en Sant Joan Desp\u00ed"},"image":{"@id":"https:\/\/meracuines.com\/#\/schema\/logo\/image\/"},"sameAs":["https:\/\/www.linkedin.com\/company\/mera-cuines-sl\/","https:\/\/www.tiktok.com\/@meracuines","https:\/\/www.instagram.com\/meracuines"]}]}},"_links":{"self":[{"href":"https:\/\/meracuines.com\/ca\/wp-json\/wp\/v2\/pages\/1343","targetHints":{"allow":["GET"]}}],"collection":[{"href":"https:\/\/meracuines.com\/ca\/wp-json\/wp\/v2\/pages"}],"about":[{"href":"https:\/\/meracuines.com\/ca\/wp-json\/wp\/v2\/types\/page"}],"author":[{"embeddable":true,"href":"https:\/\/meracuines.com\/ca\/wp-json\/wp\/v2\/users\/1"}],"replies":[{"embeddable":true,"href":"https:\/\/meracuines.com\/ca\/wp-json\/wp\/v2\/comments?post=1343"}],"version-history":[{"count":259,"href":"https:\/\/meracuines.com\/ca\/wp-json\/wp\/v2\/pages\/1343\/revisions"}],"predecessor-version":[{"id":4914,"href":"https:\/\/meracuines.com\/ca\/wp-json\/wp\/v2\/pages\/1343\/revisions\/4914"}],"wp:attachment":[{"href":"https:\/\/meracuines.com\/ca\/wp-json\/wp\/v2\/media?parent=1343"}],"curies":[{"name":"wp","href":"https:\/\/api.w.org\/{rel}","templated":true}]}}