{"id":1139,"date":"2026-01-18T19:52:53","date_gmt":"2026-01-18T19:52:53","guid":{"rendered":"https:\/\/dev.meracuines.com\/?page_id=1139"},"modified":"2026-03-13T20:47:53","modified_gmt":"2026-03-13T20:47:53","slug":"accesorios-muebles-cocina","status":"publish","type":"page","link":"https:\/\/meracuines.com\/ca\/accesorios-muebles-cocina\/","title":{"rendered":"Accesorios"},"content":{"rendered":"<div data-elementor-type=\"wp-page\" data-elementor-id=\"1139\" class=\"elementor elementor-1139\" data-elementor-post-type=\"page\">\n\t\t\t\t<div class=\"elementor-element elementor-element-32977d43 elementor-hidden-mobile e-flex e-con-boxed e-con e-parent\" data-id=\"32977d43\" data-element_type=\"container\">\n\t\t\t\t\t<div class=\"e-con-inner\">\n\t\t\t\t<div class=\"elementor-element elementor-element-d5eac3d elementor-widget elementor-widget-heading\" data-id=\"d5eac3d\" data-element_type=\"widget\" data-widget_type=\"heading.default\">\n\t\t\t\t\t<h1 class=\"elementor-heading-title elementor-size-default\">Accesorios y equipamiento de cocina<\/h1>\t\t\t\t<\/div>\n\t\t\t\t\t<\/div>\n\t\t\t\t<\/div>\n\t\t<div class=\"elementor-element elementor-element-16647e5 elementor-hidden-desktop e-flex e-con-boxed e-con e-parent\" data-id=\"16647e5\" data-element_type=\"container\">\n\t\t\t\t\t<div class=\"e-con-inner\">\n\t\t\t\t<div class=\"elementor-element elementor-element-83dd859 elementor-widget elementor-widget-heading\" data-id=\"83dd859\" data-element_type=\"widget\" data-widget_type=\"heading.default\">\n\t\t\t\t\t<h1 class=\"elementor-heading-title elementor-size-default\">Accesorios de cocina<\/h1>\t\t\t\t<\/div>\n\t\t\t\t\t<\/div>\n\t\t\t\t<\/div>\n\t\t<div class=\"elementor-element elementor-element-e8ad0d4 animated-slow e-flex e-con-boxed elementor-invisible e-con e-parent\" data-id=\"e8ad0d4\" data-element_type=\"container\" data-settings=\"{&quot;animation&quot;:&quot;fadeIn&quot;}\">\n\t\t\t\t\t<div class=\"e-con-inner\">\n\t\t<div class=\"elementor-element elementor-element-efa9021 e-con-full e-flex e-con e-child\" data-id=\"efa9021\" data-element_type=\"container\">\n\t\t\t\t<div class=\"elementor-element elementor-element-387d9c6 elementor-widget__width-auto elementor-widget-divider--view-line elementor-widget elementor-widget-divider\" data-id=\"387d9c6\" data-element_type=\"widget\" data-widget_type=\"divider.default\">\n\t\t\t\t\t\t\t<div class=\"elementor-divider\">\n\t\t\t<span class=\"elementor-divider-separator\">\n\t\t\t\t\t\t<\/span>\n\t\t<\/div>\n\t\t\t\t\t\t<\/div>\n\t\t\t\t<div class=\"elementor-element elementor-element-27ad224 elementor-widget elementor-widget-heading\" data-id=\"27ad224\" data-element_type=\"widget\" data-widget_type=\"heading.default\">\n\t\t\t\t\t<h2 class=\"elementor-heading-title elementor-size-default\">Soluciones para tu d\u00eda a d\u00eda <\/h2>\t\t\t\t<\/div>\n\t\t\t\t<\/div>\n\t\t\t\t<div class=\"elementor-element elementor-element-1075cbc elementor-widget elementor-widget-text-editor\" data-id=\"1075cbc\" data-element_type=\"widget\" data-widget_type=\"text-editor.default\">\n\t\t\t\t\t\t\t\t\t<p class=\"_28USrA _2ENCSQ XN6uKA _4N4NA\"><span class=\"a_GcMg\">En Mera Cocinas ponemos atenci\u00f3n a todos los detalles que puedan mejorar la experiencia de nuestros clientes, es por ello que ofrecemos soluciones dise\u00f1adas para aportar orden, comodidad y una funcionalidad excepcional en el uso diario. Descubre en esta secci\u00f3n la amplia variedad de accesorios y equipamientos con los que podr\u00e1s completar tu cocina para obtener de ella el m\u00e1ximo rendimiento.<\/span><\/p><div class=\"_28USrA _2ENCSQ XN6uKA\">\u00a0<\/div>\t\t\t\t\t\t\t\t<\/div>\n\t\t\t\t\t<\/div>\n\t\t\t\t<\/div>\n\t\t<div class=\"elementor-element elementor-element-89f9185 animated-slow e-flex e-con-boxed elementor-invisible e-con e-parent\" data-id=\"89f9185\" data-element_type=\"container\" data-settings=\"{&quot;animation&quot;:&quot;fadeIn&quot;}\">\n\t\t\t\t\t<div class=\"e-con-inner\">\n\t\t<div class=\"elementor-element elementor-element-44f4e28 e-con-full e-flex e-con e-child\" data-id=\"44f4e28\" data-element_type=\"container\">\n\t\t\t\t<div class=\"elementor-element elementor-element-9306144 elementor-position-top ibox-movil-titulo-arriba elementor-position-top elementor-widget elementor-widget-image-box\" data-id=\"9306144\" data-element_type=\"widget\" data-widget_type=\"image-box.default\">\n\t\t\t\t\t<div class=\"elementor-image-box-wrapper\"><figure class=\"elementor-image-box-img\"><img decoding=\"async\" src=\"https:\/\/meracuines.com\/wp-content\/uploads\/elementor\/thumbs\/OrganiQ.-buena-calidad-rjs1tflic1y6k4q83dgrnt0uznmj9h45vd4x6jfn98.jpg\" title=\"OrganiQ. buena calidad\" alt=\"OrganiQ. buena calidad\" loading=\"lazy\" \/><\/figure><div class=\"elementor-image-box-content\"><h3 class=\"elementor-image-box-title\">Accesorios para interior<\/h3><\/div><\/div>\t\t\t\t<\/div>\n\t\t\t\t<\/div>\n\t\t<div class=\"elementor-element elementor-element-04ed086 e-con-full e-flex e-con e-child\" data-id=\"04ed086\" data-element_type=\"container\">\n\t\t\t\t<div class=\"elementor-element elementor-element-712fc80 ibox-movil-titulo-arriba elementor-position-top elementor-position-top elementor-widget elementor-widget-image-box\" data-id=\"712fc80\" data-element_type=\"widget\" data-widget_type=\"image-box.default\">\n\t\t\t\t\t<div class=\"elementor-image-box-wrapper\"><figure class=\"elementor-image-box-img\"><img decoding=\"async\" src=\"https:\/\/meracuines.com\/wp-content\/uploads\/elementor\/thumbs\/01_CASIA_2_VERTIKAL_Schwarz_CEE-scaled-e1772210283571-rjs2ie77to4avcgyc5w3vi9iw0lfo47jywt3z2fa0s.jpg\" title=\"01_CASIA_2_VERTIKAL_Schwarz_CEE\" alt=\"01_CASIA_2_VERTIKAL_Schwarz_CEE\" loading=\"lazy\" \/><\/figure><div class=\"elementor-image-box-content\"><h3 class=\"elementor-image-box-title\">Accesorios el\u00e9ctricos<\/h3><\/div><\/div>\t\t\t\t<\/div>\n\t\t\t\t<\/div>\n\t\t\t\t\t<\/div>\n\t\t\t\t<\/div>\n\t\t<div class=\"elementor-element elementor-element-dae4e02 animated-slow e-flex e-con-boxed elementor-invisible e-con e-parent\" data-id=\"dae4e02\" data-element_type=\"container\" data-settings=\"{&quot;animation&quot;:&quot;fadeIn&quot;}\">\n\t\t\t\t\t<div class=\"e-con-inner\">\n\t\t<div class=\"elementor-element elementor-element-bef0cc4 e-con-full e-flex e-con e-child\" data-id=\"bef0cc4\" data-element_type=\"container\">\n\t\t\t\t<div class=\"elementor-element elementor-element-eaee4c2 ibox-movil-titulo-arriba elementor-position-top elementor-position-top elementor-widget elementor-widget-image-box\" data-id=\"eaee4c2\" data-element_type=\"widget\" data-widget_type=\"image-box.default\">\n\t\t\t\t\t<div class=\"elementor-image-box-wrapper\"><figure class=\"elementor-image-box-img\"><img decoding=\"async\" src=\"https:\/\/meracuines.com\/wp-content\/uploads\/elementor\/thumbs\/fenix_detalle-rj2tcivhjre7i6flshwe6rxsqxyjfow6p3exinbukc.jpg\" title=\"fenix_detalle\" alt=\"fenix_detalle\" loading=\"lazy\" \/><\/figure><div class=\"elementor-image-box-content\"><h3 class=\"elementor-image-box-title\">Sistemas de iluminaci\u00f3n<\/h3><\/div><\/div>\t\t\t\t<\/div>\n\t\t\t\t<\/div>\n\t\t<div class=\"elementor-element elementor-element-bf89832 e-con-full e-flex e-con e-child\" data-id=\"bf89832\" data-element_type=\"container\">\n\t\t\t\t<div class=\"elementor-element elementor-element-550c8df ibox-movil-titulo-arriba elementor-position-top elementor-position-top elementor-widget elementor-widget-image-box\" data-id=\"550c8df\" data-element_type=\"widget\" data-widget_type=\"image-box.default\">\n\t\t\t\t\t<div class=\"elementor-image-box-wrapper\"><figure class=\"elementor-image-box-img\"><img decoding=\"async\" src=\"https:\/\/meracuines.com\/wp-content\/uploads\/elementor\/thumbs\/Airbrush-IMAGE-ENHANCER-1769826908783-1769826908783-scaled-rig1xqti2vsfe120xzjw16um13orjds9boyg8vgoe4.jpg\" title=\"Airbrush-IMAGE-ENHANCER-1769826908783-1769826908783\" alt=\"Airbrush-IMAGE-ENHANCER-1769826908783-1769826908783\" loading=\"lazy\" \/><\/figure><div class=\"elementor-image-box-content\"><h3 class=\"elementor-image-box-title\">Sistemas semiautom\u00e1ticos\u200b<\/h3><\/div><\/div>\t\t\t\t<\/div>\n\t\t\t\t<\/div>\n\t\t\t\t\t<\/div>\n\t\t\t\t<\/div>\n\t\t\t\t<\/div>","protected":false},"excerpt":{"rendered":"<p>Accesorios y equipamiento de cocina Accesorios de cocina Soluciones para tu d\u00eda a d\u00eda En Mera Cocinas ponemos atenci\u00f3n a todos los detalles que puedan mejorar la experiencia de nuestros clientes, es por ello que ofrecemos soluciones dise\u00f1adas para aportar orden, comodidad y una funcionalidad excepcional en el uso diario. Descubre en esta secci\u00f3n la [&hellip;]<\/p>","protected":false},"author":1,"featured_media":0,"parent":0,"menu_order":0,"comment_status":"closed","ping_status":"closed","template":"elementor_header_footer","meta":{"footnotes":""},"class_list":["post-1139","page","type-page","status-publish","hentry"],"yoast_head":"<!-- This site is optimized with the Yoast SEO plugin v26.8 - https:\/\/yoast.com\/product\/yoast-seo-wordpress\/ -->\n<title>Accesorios - Mera Cocinas<\/title>\n<meta name=\"robots\" content=\"index, follow, max-snippet:-1, max-image-preview:large, max-video-preview:-1\" \/>\n<link rel=\"canonical\" href=\"https:\/\/meracuines.com\/ca\/accesorios-muebles-cocina\/\" \/>\n<meta property=\"og:locale\" content=\"ca_ES\" \/>\n<meta property=\"og:type\" content=\"article\" \/>\n<meta property=\"og:title\" content=\"Accesorios - Mera Cocinas\" \/>\n<meta property=\"og:description\" content=\"Accesorios y equipamiento de cocina Accesorios de cocina Soluciones para tu d\u00eda a d\u00eda En Mera Cocinas ponemos atenci\u00f3n a todos los detalles que puedan mejorar la experiencia de nuestros clientes, es por ello que ofrecemos soluciones dise\u00f1adas para aportar orden, comodidad y una funcionalidad excepcional en el uso diario. Descubre en esta secci\u00f3n la [&hellip;]\" \/>\n<meta property=\"og:url\" content=\"https:\/\/meracuines.com\/ca\/accesorios-muebles-cocina\/\" \/>\n<meta property=\"og:site_name\" content=\"Mera Cocinas\" \/>\n<meta property=\"article:modified_time\" content=\"2026-03-13T20:47:53+00:00\" \/>\n<meta property=\"og:image\" content=\"https:\/\/meracuines.com\/wp-content\/uploads\/elementor\/thumbs\/OrganiQ.-buena-calidad-rjs1tflic1y6k4q83dgrnt0uznmj9h45vd4x6jfn98.jpg\" \/>\n<meta name=\"twitter:card\" content=\"summary_large_image\" \/>\n<meta name=\"twitter:label1\" content=\"Temps estimat de lectura\" \/>\n\t<meta name=\"twitter:data1\" content=\"2 minuts\" \/>\n<script type=\"application\/ld+json\" class=\"yoast-schema-graph\">{\"@context\":\"https:\/\/schema.org\",\"@graph\":[{\"@type\":\"WebPage\",\"@id\":\"https:\/\/meracuines.com\/accesorios-muebles-cocina\/\",\"url\":\"https:\/\/meracuines.com\/accesorios-muebles-cocina\/\",\"name\":\"Accesorios - Mera Cocinas\",\"isPartOf\":{\"@id\":\"https:\/\/meracuines.com\/#website\"},\"primaryImageOfPage\":{\"@id\":\"https:\/\/meracuines.com\/accesorios-muebles-cocina\/#primaryimage\"},\"image\":{\"@id\":\"https:\/\/meracuines.com\/accesorios-muebles-cocina\/#primaryimage\"},\"thumbnailUrl\":\"https:\/\/meracuines.com\/wp-content\/uploads\/elementor\/thumbs\/OrganiQ.-buena-calidad-rjs1tflic1y6k4q83dgrnt0uznmj9h45vd4x6jfn98.jpg\",\"datePublished\":\"2026-01-18T19:52:53+00:00\",\"dateModified\":\"2026-03-13T20:47:53+00:00\",\"breadcrumb\":{\"@id\":\"https:\/\/meracuines.com\/accesorios-muebles-cocina\/#breadcrumb\"},\"inLanguage\":\"ca\",\"potentialAction\":[{\"@type\":\"ReadAction\",\"target\":[\"https:\/\/meracuines.com\/accesorios-muebles-cocina\/\"]}]},{\"@type\":\"ImageObject\",\"inLanguage\":\"ca\",\"@id\":\"https:\/\/meracuines.com\/accesorios-muebles-cocina\/#primaryimage\",\"url\":\"https:\/\/meracuines.com\/wp-content\/uploads\/elementor\/thumbs\/OrganiQ.-buena-calidad-rjs1tflic1y6k4q83dgrnt0uznmj9h45vd4x6jfn98.jpg\",\"contentUrl\":\"https:\/\/meracuines.com\/wp-content\/uploads\/elementor\/thumbs\/OrganiQ.-buena-calidad-rjs1tflic1y6k4q83dgrnt0uznmj9h45vd4x6jfn98.jpg\"},{\"@type\":\"BreadcrumbList\",\"@id\":\"https:\/\/meracuines.com\/accesorios-muebles-cocina\/#breadcrumb\",\"itemListElement\":[{\"@type\":\"ListItem\",\"position\":1,\"name\":\"Portada\",\"item\":\"https:\/\/meracuines.com\/\"},{\"@type\":\"ListItem\",\"position\":2,\"name\":\"Accesorios\"}]},{\"@type\":\"WebSite\",\"@id\":\"https:\/\/meracuines.com\/#website\",\"url\":\"https:\/\/meracuines.com\/\",\"name\":\"Mera Cuines S.L., m\u00e1s de 20 a\u00f1os de experiencia en Muebles de Cocina y Ba\u00f1o, puertas de madera o cristal, iluminaci\u00f3n interior y accesorios en Sant Joan Desp\u00ed\",\"description\":\"M\u00e1s de 25 a\u00f1os de experiencia fabricando Muebles de Cocina en Sant Joan Desp\u00ed\",\"publisher\":{\"@id\":\"https:\/\/meracuines.com\/#organization\"},\"potentialAction\":[{\"@type\":\"SearchAction\",\"target\":{\"@type\":\"EntryPoint\",\"urlTemplate\":\"https:\/\/meracuines.com\/?s={search_term_string}\"},\"query-input\":{\"@type\":\"PropertyValueSpecification\",\"valueRequired\":true,\"valueName\":\"search_term_string\"}}],\"inLanguage\":\"ca\"},{\"@type\":\"Organization\",\"@id\":\"https:\/\/meracuines.com\/#organization\",\"name\":\"Mera Cuines S.L., m\u00e1s de 20 a\u00f1os de experiencia en Muebles de Cocina y Ba\u00f1o, puertas de madera o cristal, iluminaci\u00f3n interior y accesorios en Sant Joan Desp\u00ed\",\"url\":\"https:\/\/meracuines.com\/\",\"logo\":{\"@type\":\"ImageObject\",\"inLanguage\":\"ca\",\"@id\":\"https:\/\/meracuines.com\/#\/schema\/logo\/image\/\",\"url\":\"https:\/\/meracuines.com\/wp-content\/uploads\/2025\/11\/IMG_8290-scaled-e1767126478608.png\",\"contentUrl\":\"https:\/\/meracuines.com\/wp-content\/uploads\/2025\/11\/IMG_8290-scaled-e1767126478608.png\",\"width\":1540,\"height\":630,\"caption\":\"Mera Cuines S.L., m\u00e1s de 20 a\u00f1os de experiencia en Muebles de Cocina y Ba\u00f1o, puertas de madera o cristal, iluminaci\u00f3n interior y accesorios en Sant Joan Desp\u00ed\"},\"image\":{\"@id\":\"https:\/\/meracuines.com\/#\/schema\/logo\/image\/\"},\"sameAs\":[\"https:\/\/www.linkedin.com\/company\/mera-cuines-sl\/\",\"https:\/\/www.tiktok.com\/@meracuines\",\"https:\/\/www.instagram.com\/meracuines\"]}]}<\/script>\n<!-- \/ Yoast SEO plugin. -->","yoast_head_json":{"title":"Accesorios - Mera Cocinas","robots":{"index":"index","follow":"follow","max-snippet":"max-snippet:-1","max-image-preview":"max-image-preview:large","max-video-preview":"max-video-preview:-1"},"canonical":"https:\/\/meracuines.com\/ca\/accesorios-muebles-cocina\/","og_locale":"ca_ES","og_type":"article","og_title":"Accesorios - Mera Cocinas","og_description":"Accesorios y equipamiento de cocina Accesorios de cocina Soluciones para tu d\u00eda a d\u00eda En Mera Cocinas ponemos atenci\u00f3n a todos los detalles que puedan mejorar la experiencia de nuestros clientes, es por ello que ofrecemos soluciones dise\u00f1adas para aportar orden, comodidad y una funcionalidad excepcional en el uso diario. Descubre en esta secci\u00f3n la [&hellip;]","og_url":"https:\/\/meracuines.com\/ca\/accesorios-muebles-cocina\/","og_site_name":"Mera Cocinas","article_modified_time":"2026-03-13T20:47:53+00:00","og_image":[{"url":"https:\/\/meracuines.com\/wp-content\/uploads\/elementor\/thumbs\/OrganiQ.-buena-calidad-rjs1tflic1y6k4q83dgrnt0uznmj9h45vd4x6jfn98.jpg","type":"","width":"","height":""}],"twitter_card":"summary_large_image","twitter_misc":{"Temps estimat de lectura":"2 minuts"},"schema":{"@context":"https:\/\/schema.org","@graph":[{"@type":"WebPage","@id":"https:\/\/meracuines.com\/accesorios-muebles-cocina\/","url":"https:\/\/meracuines.com\/accesorios-muebles-cocina\/","name":"Accesorios - Mera Cocinas","isPartOf":{"@id":"https:\/\/meracuines.com\/#website"},"primaryImageOfPage":{"@id":"https:\/\/meracuines.com\/accesorios-muebles-cocina\/#primaryimage"},"image":{"@id":"https:\/\/meracuines.com\/accesorios-muebles-cocina\/#primaryimage"},"thumbnailUrl":"https:\/\/meracuines.com\/wp-content\/uploads\/elementor\/thumbs\/OrganiQ.-buena-calidad-rjs1tflic1y6k4q83dgrnt0uznmj9h45vd4x6jfn98.jpg","datePublished":"2026-01-18T19:52:53+00:00","dateModified":"2026-03-13T20:47:53+00:00","breadcrumb":{"@id":"https:\/\/meracuines.com\/accesorios-muebles-cocina\/#breadcrumb"},"inLanguage":"ca","potentialAction":[{"@type":"ReadAction","target":["https:\/\/meracuines.com\/accesorios-muebles-cocina\/"]}]},{"@type":"ImageObject","inLanguage":"ca","@id":"https:\/\/meracuines.com\/accesorios-muebles-cocina\/#primaryimage","url":"https:\/\/meracuines.com\/wp-content\/uploads\/elementor\/thumbs\/OrganiQ.-buena-calidad-rjs1tflic1y6k4q83dgrnt0uznmj9h45vd4x6jfn98.jpg","contentUrl":"https:\/\/meracuines.com\/wp-content\/uploads\/elementor\/thumbs\/OrganiQ.-buena-calidad-rjs1tflic1y6k4q83dgrnt0uznmj9h45vd4x6jfn98.jpg"},{"@type":"BreadcrumbList","@id":"https:\/\/meracuines.com\/accesorios-muebles-cocina\/#breadcrumb","itemListElement":[{"@type":"ListItem","position":1,"name":"Portada","item":"https:\/\/meracuines.com\/"},{"@type":"ListItem","position":2,"name":"Accesorios"}]},{"@type":"WebSite","@id":"https:\/\/meracuines.com\/#website","url":"https:\/\/meracuines.com\/","name":"Mera Cuines S.L., m\u00e1s de 20 a\u00f1os de experiencia en Muebles de Cocina y Ba\u00f1o, puertas de madera o cristal, iluminaci\u00f3n interior y accesorios en Sant Joan Desp\u00ed","description":"M\u00e1s de 25 a\u00f1os de experiencia fabricando Muebles de Cocina en Sant Joan Desp\u00ed","publisher":{"@id":"https:\/\/meracuines.com\/#organization"},"potentialAction":[{"@type":"SearchAction","target":{"@type":"EntryPoint","urlTemplate":"https:\/\/meracuines.com\/?s={search_term_string}"},"query-input":{"@type":"PropertyValueSpecification","valueRequired":true,"valueName":"search_term_string"}}],"inLanguage":"ca"},{"@type":"Organization","@id":"https:\/\/meracuines.com\/#organization","name":"Mera Cuines S.L., m\u00e1s de 20 a\u00f1os de experiencia en Muebles de Cocina y Ba\u00f1o, puertas de madera o cristal, iluminaci\u00f3n interior y accesorios en Sant Joan Desp\u00ed","url":"https:\/\/meracuines.com\/","logo":{"@type":"ImageObject","inLanguage":"ca","@id":"https:\/\/meracuines.com\/#\/schema\/logo\/image\/","url":"https:\/\/meracuines.com\/wp-content\/uploads\/2025\/11\/IMG_8290-scaled-e1767126478608.png","contentUrl":"https:\/\/meracuines.com\/wp-content\/uploads\/2025\/11\/IMG_8290-scaled-e1767126478608.png","width":1540,"height":630,"caption":"Mera Cuines S.L., m\u00e1s de 20 a\u00f1os de experiencia en Muebles de Cocina y Ba\u00f1o, puertas de madera o cristal, iluminaci\u00f3n interior y accesorios en Sant Joan Desp\u00ed"},"image":{"@id":"https:\/\/meracuines.com\/#\/schema\/logo\/image\/"},"sameAs":["https:\/\/www.linkedin.com\/company\/mera-cuines-sl\/","https:\/\/www.tiktok.com\/@meracuines","https:\/\/www.instagram.com\/meracuines"]}]}},"_links":{"self":[{"href":"https:\/\/meracuines.com\/ca\/wp-json\/wp\/v2\/pages\/1139","targetHints":{"allow":["GET"]}}],"collection":[{"href":"https:\/\/meracuines.com\/ca\/wp-json\/wp\/v2\/pages"}],"about":[{"href":"https:\/\/meracuines.com\/ca\/wp-json\/wp\/v2\/types\/page"}],"author":[{"embeddable":true,"href":"https:\/\/meracuines.com\/ca\/wp-json\/wp\/v2\/users\/1"}],"replies":[{"embeddable":true,"href":"https:\/\/meracuines.com\/ca\/wp-json\/wp\/v2\/comments?post=1139"}],"version-history":[{"count":133,"href":"https:\/\/meracuines.com\/ca\/wp-json\/wp\/v2\/pages\/1139\/revisions"}],"predecessor-version":[{"id":4874,"href":"https:\/\/meracuines.com\/ca\/wp-json\/wp\/v2\/pages\/1139\/revisions\/4874"}],"wp:attachment":[{"href":"https:\/\/meracuines.com\/ca\/wp-json\/wp\/v2\/media?parent=1139"}],"curies":[{"name":"wp","href":"https:\/\/api.w.org\/{rel}","templated":true}]}}